{"id":41302,"date":"2025-08-01T20:17:23","date_gmt":"2025-08-02T03:17:23","guid":{"rendered":"https:\/\/www.evoclinic.mx\/?page_id=41302"},"modified":"2025-08-01T20:17:33","modified_gmt":"2025-08-02T03:17:33","slug":"manga-gastrica","status":"publish","type":"page","link":"https:\/\/www.evoclinic.mx\/es\/antes-y-despues\/manga-gastrica\/","title":{"rendered":"Manga G\u00e1strica | Antes y Despu\u00e9s"},"content":{"rendered":"[vc_row full_width=&#8221;stretch_row&#8221; css=&#8221;.vc_custom_1591288149278{margin-top: 0px !important;margin-bottom: 0px !important;padding-bottom: 0px !important;background-color: #ffffff !important;}&#8221;][vc_column css=&#8221;.vc_custom_1596839440640{padding-top: 4% !important;}&#8221; offset=&#8221;vc_hidden-sm vc_hidden-xs&#8221;][vc_row_inner][vc_column_inner width=&#8221;1\/12&#8243;]<div class=\"gem-button-container gem-button-position-inline thegem-button-69e49a2cc3b805872\" ><a title=\"Schedule an Online Consultation\" class=\"gem-button gem-button-size-small gem-button-style-flat gem-button-text-weight-thin\" style=\"border-radius: 0px;background-color: #64ccc9;color: #ffffff;\" onmouseleave=\"this.style.backgroundColor='#64ccc9';this.style.color='#ffffff';\" onmouseenter=\"this.style.backgroundColor='#ffffff';this.style.color='#64ccc9';\" href=\"\/antes-y-despues\/?lang=es\" target=\"_self\">ATRAS<\/a><\/div> [\/vc_column_inner][vc_column_inner width=&#8221;5\/6&#8243;][vc_column_text css=&#8221;.vc_custom_1706307311365{margin-bottom: 25px !important;}&#8221;]\n<h1 style=\"margin: 0px; text-align: center;\"><span style=\"font-size: 40px;\"><strong>MANGA G\u00c1STRICA<\/strong><\/span><\/h1>\n<h2 style=\"text-align: center;\">Visualiza Tu Transformaci\u00f3n: Fotos Before and Afters en la Manga G\u00e1strica<\/h2>\n<p>En Evoclinic, entendemos la importancia de proporcionar informaci\u00f3n completa a quienes consideran la manga g\u00e1strica. Nuestra galer\u00eda de fotos &#8220;Antes y Despu\u00e9s&#8221; ofrece testimonios visuales de transformaci\u00f3n f\u00edsica y bienestar. Revisar estas im\u00e1genes te permite visualizar el camino hacia una vida m\u00e1s saludable y plena.<\/p>\n<p>Explora nuestra colecci\u00f3n de &#8220;Manga G\u00e1strica Before and Afters&#8221; para sumergirte en experiencias de cambio significativo. Estas im\u00e1genes documentan no solo la p\u00e9rdida de peso, sino tambi\u00e9n mejoras en la calidad de vida. En Evoclinic, entendemos la singularidad de cada individuo, y nuestras fotos de antes y despu\u00e9s son herramientas valiosas para comprender resultados posibles y establecer expectativas realistas. Descubre la transformaci\u00f3n posible con la manga g\u00e1strica en Evoclinic, donde tu salud y bienestar son nuestra prioridad.<\/p>\n<p style=\"text-align: center;\"><span style=\"font-size: 40px;\"><span class=\"\" style=\"font-size: 35px;\">ANTES &amp; <span style=\"color: #64ccc9;\">DESPU\u00c9S <\/span><\/span><\/span><\/p>\n[\/vc_column_text][\/vc_column_inner][\/vc_row_inner][vc_row_inner][vc_column_inner width=&#8221;1\/6&#8243;][\/vc_column_inner][vc_column_inner width=&#8221;2\/3&#8243;][vc_gallery interval=&#8221;5&#8243; images=&#8221;37900,37923,37919,37921,37910,37891,37898&#8243; img_size=&#8221;full&#8221; onclick=&#8221;&#8221; css=&#8221;.vc_custom_1665068513375{padding-right: 50px !important;padding-bottom: 50px !important;padding-left: 50px !important;}&#8221;][\/vc_column_inner][vc_column_inner width=&#8221;1\/6&#8243;][\/vc_column_inner][\/vc_row_inner][\/vc_column][\/vc_row][vc_row full_width=&#8221;stretch_row&#8221; css=&#8221;.vc_custom_1591288149278{margin-top: 0px !important;margin-bottom: 0px !important;padding-bottom: 0px !important;background-color: #ffffff !important;}&#8221;][vc_column css=&#8221;.vc_custom_1596839450372{padding-top: 4% !important;}&#8221; offset=&#8221;vc_hidden-lg vc_hidden-md&#8221;]<div class=\"gem-button-container gem-button-position-inline thegem-button-69e49a2cc3be73657\" ><a title=\"Schedule an Online Consultation\" class=\"gem-button gem-button-size-small gem-button-style-flat gem-button-text-weight-thin\" style=\"border-radius: 0px;background-color: #64ccc9;color: #ffffff;\" onmouseleave=\"this.style.backgroundColor='#64ccc9';this.style.color='#ffffff';\" onmouseenter=\"this.style.backgroundColor='#ffffff';this.style.color='#64ccc9';\" href=\"\/antes-y-despues\/?lang=es\" target=\"_self\">ATRAS<\/a><\/div> [vc_column_text css=&#8221;.vc_custom_1706307296139{margin-bottom: 50px !important;}&#8221;]\n<h4 style=\"margin: 0px 0; font-size: 35px;\"><span style=\"font-size: 35px;\"><strong>MANGA G\u00c1STRICA<\/strong><\/span><\/h4>\n<h2 style=\"text-align: center;\">Visualiza Tu Transformaci\u00f3n: Fotos Before and Afters en la Manga G\u00e1strica<\/h2>\n<p>En Evoclinic, entendemos la importancia de proporcionar informaci\u00f3n completa a quienes consideran la manga g\u00e1strica. Nuestra galer\u00eda de fotos &#8220;Antes y Despu\u00e9s&#8221; ofrece testimonios visuales de transformaci\u00f3n f\u00edsica y bienestar. Revisar estas im\u00e1genes te permite visualizar el camino hacia una vida m\u00e1s saludable y plena.<\/p>\n<p>Explora nuestra colecci\u00f3n de &#8220;Manga G\u00e1strica Before and Afters&#8221; para sumergirte en experiencias de cambio significativo. Estas im\u00e1genes documentan no solo la p\u00e9rdida de peso, sino tambi\u00e9n mejoras en la calidad de vida. En Evoclinic, entendemos la singularidad de cada individuo, y nuestras fotos de antes y despu\u00e9s son herramientas valiosas para comprender resultados posibles y establecer expectativas realistas. Descubre la transformaci\u00f3n posible con la manga g\u00e1strica en Evoclinic, donde tu salud y bienestar son nuestra prioridad.<\/p>\n<p style=\"text-align: center;\"><span style=\"font-size: 35px;\"><span class=\"\" style=\"font-size: 30px;\">ANTES &amp; <span style=\"color: #64ccc9;\">DESPU\u00c9S <\/span><\/span><\/span><\/p>\n[\/vc_column_text]<div class=\"clearboth\"><\/div><div class=\"gem-divider \" style=\"margin-top: 32px;\"><\/div>[vc_gallery interval=&#8221;5&#8243; images=&#8221;37900,37923,37919,37921,37910,37891,37898&#8243; img_size=&#8221;full&#8221; onclick=&#8221;&#8221;]<div class=\"clearboth\"><\/div><div class=\"gem-divider \" style=\"margin-top: 32px;\"><\/div>[\/vc_column][\/vc_row][vc_row full_width=&#8221;stretch_row&#8221; css=&#8221;.vc_custom_1591656728633{margin-bottom: 0px !important;padding-top: 40px !important;padding-bottom: 40px !important;background-color: #64ccc9 !important;}&#8221;][vc_column width=&#8221;1\/3&#8243; css=&#8221;.vc_custom_1697752545727{padding-top: 0px !important;}&#8221;][vc_column_text css=&#8221;.vc_custom_1697752535966{margin-bottom: 50px !important;}&#8221;]\n<h4 class=\"\" style=\"text-align: left; font-size: 35px;\"><strong><span style=\"color: #007d84;\">ASESOR\u00cdA<br \/>\n<\/span><span style=\"color: #ffffff;\">EN L\u00cdNEA<\/span><\/strong><\/h4>\n[\/vc_column_text][\/vc_column][vc_column width=&#8221;5\/12&#8243; css=&#8221;.vc_custom_1697752554185{padding-top: 0px !important;}&#8221;][vc_column_text css=&#8221;.vc_custom_1596839522064{margin-bottom: 50px !important;}&#8221;]<span style=\"color: #ffffff;\">\u00a1No te pierdas la oportunidad de comenzar tu evoluci\u00f3n hoy! Cont\u00e1ctanos y te ayudaremos en cada paso.<\/span>[\/vc_column_text][\/vc_column][vc_column width=&#8221;1\/4&#8243; css=&#8221;.vc_custom_1697752557805{padding-top: 0px !important;}&#8221;]<div class=\"gem-button-container gem-button-position-inline thegem-button-69e49a2cc3c763420\" ><a title=\"Schedule an Online Consultation\" class=\"gem-button gem-button-size-medium gem-button-style-flat gem-button-text-weight-thin\" style=\"border-radius: 3px;background-color: #ffffff;color: #64ccc9;\" onmouseleave=\"this.style.backgroundColor='#ffffff';this.style.color='#64ccc9';\" onmouseenter=\"this.style.backgroundColor='#007d84';this.style.color='#ffffff';\" href=\"\/es\/asesoria-virtual\/\" target=\"_self\">INICIA AHORA!<\/a><\/div> [\/vc_column][\/vc_row][vc_row][vc_column disable_custom_paddings_mobile=&#8221;true&#8221; css=&#8221;.vc_custom_1697835000557{padding-right: 15% !important;padding-left: 15% !important;}&#8221;]<div class=\"clearboth\"><\/div><div class=\"gem-divider \" style=\"margin-top: 25px;\"><\/div>[vc_column_text]\n<h4 style=\"color: #243842; font-size: 42px; line-height: 43px; text-align: center;\"><a href=\"https:\/\/www.youtube.com\/watch?v=bIbVx6hvQ9Y\">INSTALACIONES<\/a> DE CLASE MUNDIAL<\/h4>\n[\/vc_column_text]<div class=\"clearboth\"><\/div><div class=\"gem-divider \" style=\"margin-top: 25px;\"><\/div>[vc_column_text el_class=&#8221;video-responsive&#8221;]\n<p style=\"text-align: center;\"><iframe title=\"YouTube video player\" src=\"https:\/\/www.youtube.com\/embed\/C_y2WnCeE1A?si=IsXDCsV6gU4SM3ZT\" frameborder=\"0\" allowfullscreen=\"allowfullscreen\"><span data-mce-type=\"bookmark\" style=\"display: inline-block; width: 0px; overflow: hidden; line-height: 0;\" class=\"mce_SELRES_start\">\ufeff<\/span><\/iframe><\/p>\n[\/vc_column_text][\/vc_column][\/vc_row][vc_row full_width=&#8221;stretch_row&#8221; equal_height=&#8221;yes&#8221; content_placement=&#8221;middle&#8221; css=&#8221;.vc_custom_1695936543794{margin-top: 0px !important;margin-right: 0% !important;margin-bottom: 0px !important;margin-left: 0% !important;padding-top: 5px !important;padding-bottom: 5px !important;background-color: #64ccc9 !important;}&#8221;][vc_column width=&#8221;1\/2&#8243; css=&#8221;.vc_custom_1696268324811{margin-left: 0px !important;padding-left: 0px !important;background-color: #64ccc9 !important;}&#8221;][vc_column_text css=&#8221;.vc_custom_1754104556799{margin-bottom: 0px !important;}&#8221;]\n<h2 style=\"text-align: center;\"><span style=\"color: #ffffff;\">\u00a1EST\u00c1S DECIDIDa\/o!<\/span><\/h2>\n[\/vc_column_text][vc_column_text css=&#8221;.vc_custom_1754104577348{margin-top: 0px !important;margin-bottom: 25px !important;}&#8221;]\n<h3 style=\"text-align: center;\"><span style=\"color: #ffffff;\">CONT\u00c1CTANOS<\/span><\/h3>\n[\/vc_column_text][vc_column_text css=&#8221;.vc_custom_1754104596567{padding-top: 15px !important;}&#8221;]\n<p style=\"text-align: center;\"><span style=\"color: #ffffff;\">Te ayudaremos con tu procedimiento y elegiremos la mejor opci\u00f3n de pago de acuerdo a tu presupuesto.<\/span><\/p>\n[\/vc_column_text][\/vc_column][vc_column width=&#8221;1\/2&#8243; css=&#8221;.vc_custom_1695919103083{background-color: #ffffff !important;}&#8221;][vc_column_text]\n<h5><strong>You are only a few steps away&#8230;<\/strong><\/h5>\n<p>Please complete the form. We will contact you to help you in your process.[\/vc_column_text][vc_separator][vc_raw_js]JTNDc2NyaXB0JTIwY2hhcnNldCUzRCUyMnV0Zi04JTIyJTIwdHlwZSUzRCUyMnRleHQlMkZqYXZhc2NyaXB0JTIyJTIwc3JjJTNEJTIyJTJGJTJGanMuaHNmb3Jtcy5uZXQlMkZmb3JtcyUyRmVtYmVkJTJGdjIuanMlMjIlM0UlM0MlMkZzY3JpcHQlM0UlMEElM0NzY3JpcHQlM0UlMEElMjAlMjBoYnNwdC5mb3Jtcy5jcmVhdGUlMjglN0IlMEElMjAlMjAlMjAlMjBwb3J0YWxJZCUzQSUyMCUyMjE4MzA4OTglMjIlMkMlMEElMjAlMjAlMjAlMjBmb3JtSWQlM0ElMjAlMjI1Y2M3Yjk2OC00ZmFjLTQyODMtYjExNi01YmM4NzE3NWQzYWElMjIlMkMlMEElMjAlMjAlMjAlMjByZWdpb24lM0ElMjAlMjJuYTElMjIlMEElMjAlMjAlN0QlMjklM0IlMEElM0MlMkZzY3JpcHQlM0UlMEE=[\/vc_raw_js][\/vc_column][\/vc_row][vc_row full_width=&#8221;stretch_row_content&#8221; equal_height=&#8221;yes&#8221; css=&#8221;.vc_custom_1591716354846{margin-top: 0px !important;margin-bottom: 0% !important;padding-bottom: 0% !important;}&#8221;][vc_column width=&#8221;1\/4&#8243; css=&#8221;.vc_custom_1591714445579{background-color: #666666 !important;}&#8221;]<div class=\"gem-icon-with-text gem-icon-with-text-icon-size-small\" ><div style=\"margin-bottom:0px;margin-top:0px; \" class=\"gem-icon-with-text-icon\"><div class=\"gem-icon gem-icon-pack-material gem-icon-size-small  gem-icon-shape-circle gem-simple-icon\"  style=\"opacity: 1;\"><div class=\"gem-icon-inner\" style=\"\"><span class=\"gem-icon-half-1\" style=\"color: #64ccc9;\"><span class=\"back-angle\">&#xf221;<\/span><\/span><span class=\"gem-icon-half-2\" style=\"color: #64ccc9;\"><span class=\"back-angle\">&#xf221;<\/span><\/span><\/div><\/div><\/div><div class=\"gem-icon-with-text-content\" ><div class=\"gem-icon-with-text-text\">[vc_icon type=&#8221;material&#8221; icon_material=&#8221;gem-print-icon gem-icon-pack-material mdi-clock&#8221; color=&#8221;custom&#8221; background_style=&#8221;rounded&#8221; size=&#8221;sm&#8221; custom_color=&#8221;#64ccc9&#8243;]<\/div><\/div><div class=\"clearboth\"><\/div><\/div>[vc_column_text]<span style=\"color: #ffffff;\">HORARIOS<\/span>[\/vc_column_text]<div class=\"clearboth\"><\/div><div class=\"gem-divider \" style=\"margin-top: 50px;\"><\/div>[vc_column_text]<span style=\"color: #ffffff;\">Lunes-Viernes: 8:00 am-16:00 pm<\/span><br \/>\n<span style=\"color: #ffffff;\">S\u00e1bado: 8:00 am-15:00 pm<\/span><br \/>\n<span style=\"color: #ffffff;\">Domingo: Cerrado<\/span>[\/vc_column_text]<div class=\"clearboth\"><\/div><div class=\"gem-divider \" style=\"margin-top: 50px;\"><\/div>[\/vc_column][vc_column width=&#8221;1\/4&#8243; css=&#8221;.vc_custom_1596839554081{background-color: #7c7c7c !important;}&#8221; el_class=&#8221;bg2-claro-grey margen-top-horarios&#8221;]<div class=\"gem-icon-with-text gem-icon-with-text-icon-size-small gem-icon-with-text-float-right\" ><div style=\"margin-bottom:0px;padding-right: 30px;margin-top:0px; \" class=\"gem-icon-with-text-icon\"><div class=\"gem-icon gem-icon-pack-material gem-icon-size-small  gem-icon-shape-circle gem-simple-icon\"  style=\"opacity: 1;\"><div class=\"gem-icon-inner\" style=\"\"><span class=\"gem-icon-half-1\" style=\"color: #64ccc9;\"><span class=\"back-angle\">&#xf3e4;<\/span><\/span><span class=\"gem-icon-half-2\" style=\"color: #64ccc9;\"><span class=\"back-angle\">&#xf3e4;<\/span><\/span><\/div><\/div><\/div><div class=\"gem-icon-with-text-content\" ><div class=\"gem-icon-with-text-text\">[vc_icon type=&#8221;material&#8221; icon_material=&#8221;gem-print-icon gem-icon-pack-material mdi-map-marker-circle&#8221; color=&#8221;custom&#8221; background_style=&#8221;rounded&#8221; size=&#8221;sm&#8221; custom_color=&#8221;#64ccc9&#8243;]<\/div><\/div><div class=\"clearboth\"><\/div><\/div>[vc_column_text]<span style=\"color: #ffffff;\">DIRECCI\u00d3N<\/span>[\/vc_column_text]<div class=\"clearboth\"><\/div><div class=\"gem-divider \" style=\"margin-top: 50px;\"><\/div>[vc_column_text]<span style=\"color: #ffffff;\">Blvd. Aguacaliente #4558 Floor 17<\/span><br \/>\n<span style=\"color: #ffffff;\">Suite No. 1707 Tijuana B.C.<\/span><br \/>\n<span style=\"color: #ffffff;\">M\u00e9xico C.P. 22014<\/span>[\/vc_column_text]<div class=\"clearboth\"><\/div><div class=\"gem-divider \" style=\"margin-top: 50px;\"><\/div>[\/vc_column][vc_column width=&#8221;1\/4&#8243; css=&#8221;.vc_custom_1596839575316{background-color: #a0a0a0 !important;}&#8221; el_class=&#8221;bg3-ligth-grey margen-top-horarios&#8221;]<div class=\"gem-icon-with-text gem-icon-with-text-icon-size-small gem-icon-with-text-float-right\" ><div style=\"margin-bottom:0px;padding-right: 30px;margin-top:0px; \" class=\"gem-icon-with-text-icon\"><div class=\"gem-icon gem-icon-pack-material gem-icon-size-small  gem-icon-shape-circle gem-simple-icon\"  style=\"opacity: 1;\"><div class=\"gem-icon-inner\" style=\"\"><span class=\"gem-icon-half-1\" style=\"color: #64ccc9;\"><span class=\"back-angle\">&#xf477;<\/span><\/span><span class=\"gem-icon-half-2\" style=\"color: #64ccc9;\"><span class=\"back-angle\">&#xf477;<\/span><\/span><\/div><\/div><\/div><div class=\"gem-icon-with-text-content\" ><div class=\"gem-icon-with-text-text\">[vc_icon type=&#8221;material&#8221; icon_material=&#8221;gem-print-icon gem-icon-pack-material mdi-clock&#8221; color=&#8221;custom&#8221; background_style=&#8221;rounded&#8221; size=&#8221;sm&#8221; custom_color=&#8221;#64ccc9&#8243;]<\/div><\/div><div class=\"clearboth\"><\/div><\/div>[vc_column_text]<span style=\"color: #ffffff;\">TEL\u00c9FONOS<\/span>[\/vc_column_text]<div class=\"clearboth\"><\/div><div class=\"gem-divider \" style=\"margin-top: 50px;\"><\/div>[vc_column_text]<span style=\"color: #ffffff;\">(664) 681 7054<\/span><br \/>\n<span style=\"color: #ffffff;\">(664) 686 5120<\/span><br \/>\n<span style=\"color: #ffffff;\">(619) 308 7829<\/span>[\/vc_column_text]<div class=\"clearboth\"><\/div><div class=\"gem-divider \" style=\"margin-top: 50px;\"><\/div>[\/vc_column][vc_column width=&#8221;1\/4&#8243; css=&#8221;.vc_custom_1596839599580{background-color: #64ccc9 !important;}&#8221; el_class=&#8221;bg-color-green margen-top-horarios&#8221;]<div class=\"clearboth\"><\/div><div class=\"gem-divider \" style=\"margin-top: 50px;\"><\/div><div class=\"gem-image gem-wrapbox gem-wrapbox-style-default gem-wrapbox-position-below\"  style=\"width: 0px;height: 0px;\"><div class=\"gem-wrapbox-inner \" ><img class=\"gem-wrapbox-element img-responsive\" src=\"https:\/\/www.evoclinic.mx\/wp-content\/uploads\/2016\/10\/evoclinic-logo-final-white.png\" alt=\"\"\/><\/div><\/div><div class=\"clearboth\"><\/div><div class=\"gem-divider \" style=\"margin-top: 50px;\"><\/div>[\/vc_column][\/vc_row][vc_row full_width=&#8221;stretch_row_content_no_spaces&#8221; css=&#8221;.vc_custom_1591658157242{margin-top: 0px !important;margin-bottom: 0% !important;}&#8221;][vc_column][vc_gmaps link=&#8221;#E-8_JTNDaWZyYW1lJTIwc3JjJTNEJTIyaHR0cHMlM0ElMkYlMkZ3d3cuZ29vZ2xlLmNvbSUyRm1hcHMlMkZlbWJlZCUzRnBiJTNEJTIxMW0xOCUyMTFtMTIlMjExbTMlMjExZDEwNzA1Ljc2NTU3NDg1ODc0MiUyMTJkLTExNy4wMTE2MjU3NzMxNTE0NCUyMTNkMzIuNTE3NTUwNjQzNzA3OTMlMjEybTMlMjExZjAlMjEyZjAlMjEzZjAlMjEzbTIlMjExaTEwMjQlMjEyaTc2OCUyMTRmMTMuMSUyMTNtMyUyMTFtMiUyMTFzMHg4MGQ5NDgxNjRmNjljYzFkJTI1M0EweGVhNTE2MDRjZjc5ZWJmNWElMjEyc0JsdmQuJTJCQWd1YSUyQkNhbGllbnRlJTJCNDU1OCUyNTJDJTJCQXZpYWNpb24lMjUyQyUyQjIyMDE0JTJCVGlqdWFuYSUyNTJDJTJCQi5DLiUyMTVlMCUyMTNtMiUyMTFzZW4lMjEyc214JTIxNHYxNDk5Mjc5NTA1MTQ1JTIyJTIwd2lkdGglM0QlMjI4MDAlMjIlMjBoZWlnaHQlM0QlMjI2MDAlMjIlMjBmcmFtZWJvcmRlciUzRCUyMjAlMjIlMjBzdHlsZSUzRCUyMmJvcmRlciUzQTAlMjIlMjBhbGxvd2Z1bGxzY3JlZW4lM0UlM0MlMkZpZnJhbWUlM0U=&#8221;][\/vc_column][\/vc_row]\n","protected":false},"excerpt":{"rendered":"<p>[vc_row full_width=&#8221;stretch_row&#8221; css=&#8221;.vc_custom_1591288149278{margin-top: 0px !important;margin-bottom: 0px !important;padding-bottom: 0px !important;background-color: #ffffff !important;}&#8221;][vc_column css=&#8221;.vc_custom_1596839440640{padding-top: 4% !important;}&#8221; offset=&#8221;vc_hidden-sm&#8230;<\/p>\n","protected":false},"author":27,"featured_media":0,"parent":36151,"menu_order":162,"comment_status":"closed","ping_status":"closed","template":"","meta":{"content-type":"","inline_featured_image":false,"_joinchat":[]},"categories":[470],"tags":[],"acf":[],"aioseo_notices":[],"_links":{"self":[{"href":"https:\/\/www.evoclinic.mx\/es\/wp-json\/wp\/v2\/pages\/41302"}],"collection":[{"href":"https:\/\/www.evoclinic.mx\/es\/wp-json\/wp\/v2\/pages"}],"about":[{"href":"https:\/\/www.evoclinic.mx\/es\/wp-json\/wp\/v2\/types\/page"}],"author":[{"embeddable":true,"href":"https:\/\/www.evoclinic.mx\/es\/wp-json\/wp\/v2\/users\/27"}],"replies":[{"embeddable":true,"href":"https:\/\/www.evoclinic.mx\/es\/wp-json\/wp\/v2\/comments?post=41302"}],"version-history":[{"count":0,"href":"https:\/\/www.evoclinic.mx\/es\/wp-json\/wp\/v2\/pages\/41302\/revisions"}],"up":[{"embeddable":true,"href":"https:\/\/www.evoclinic.mx\/es\/wp-json\/wp\/v2\/pages\/36151"}],"wp:attachment":[{"href":"https:\/\/www.evoclinic.mx\/es\/wp-json\/wp\/v2\/media?parent=41302"}],"wp:term":[{"taxonomy":"category","embeddable":true,"href":"https:\/\/www.evoclinic.mx\/es\/wp-json\/wp\/v2\/categories?post=41302"},{"taxonomy":"post_tag","embeddable":true,"href":"https:\/\/www.evoclinic.mx\/es\/wp-json\/wp\/v2\/tags?post=41302"}],"curies":[{"name":"wp","href":"https:\/\/api.w.org\/{rel}","templated":true}]}}