{"id":36098,"date":"2020-06-26T17:34:01","date_gmt":"2020-06-26T17:34:01","guid":{"rendered":"http:\/\/evoclinicmx.wpengine.com\/?page_id=36098"},"modified":"2024-01-31T13:52:32","modified_gmt":"2024-01-31T21:52:32","slug":"liposuccion-de-gluteos","status":"publish","type":"page","link":"https:\/\/www.evoclinic.mx\/es\/antes-y-despues\/liposuccion-de-gluteos\/","title":{"rendered":"Liposucci\u00f3n de Gl\u00fateos | Antes y Despu\u00e9s"},"content":{"rendered":"[vc_row full_width=&#8221;stretch_row&#8221; css=&#8221;.vc_custom_1591288149278{margin-top: 0px !important;margin-bottom: 0px !important;padding-bottom: 0px !important;background-color: #ffffff !important;}&#8221;][vc_column css=&#8221;.vc_custom_1596838171815{padding-top: 4% !important;}&#8221; offset=&#8221;vc_hidden-sm vc_hidden-xs&#8221;][vc_row_inner][vc_column_inner width=&#8221;1\/12&#8243;]<div class=\"gem-button-container gem-button-position-inline thegem-button-69f5549292544565\" ><a title=\"Schedule an Online Consultation\" class=\"gem-button gem-button-size-small gem-button-style-flat gem-button-text-weight-thin\" style=\"border-radius: 0px;background-color: #64ccc9;color: #ffffff;\" onmouseleave=\"this.style.backgroundColor='#64ccc9';this.style.color='#ffffff';\" onmouseenter=\"this.style.backgroundColor='#ffffff';this.style.color='#64ccc9';\" href=\"\/antes-y-despues\/?lang=es\" target=\"_self\">ATRAS<\/a><\/div> [\/vc_column_inner][vc_column_inner width=&#8221;5\/6&#8243;][vc_column_text css=&#8221;.vc_custom_1706737921188{margin-bottom: 25px !important;}&#8221;]\n<h1 style=\"margin: 0px; text-align: center;\"><span style=\"font-size: 40px;\"><strong>LIPOSUCCI\u00d3N DE GL\u00daTEOS<\/strong><\/span><\/h1>\n<h2 style=\"text-align: center;\">Transformaci\u00f3n Real: Antes y Despu\u00e9s de la Liposucci\u00f3n de Gl\u00fateos en Evoclinic<\/h2>\n<p style=\"text-align: center;\">Explora la magia de la liposucci\u00f3n de gl\u00fateos a trav\u00e9s de nuestra galer\u00eda exclusiva de fotos de antes y despu\u00e9s en Evoclinic. Las im\u00e1genes hablan por s\u00ed mismas, mostrando los resultados naturales y esculpidos que nuestros pacientes han logrado. Enfoc\u00e1ndonos en la autenticidad, estas fotograf\u00edas ofrecen una visi\u00f3n clara de c\u00f3mo esta intervenci\u00f3n puede mejorar tu contorno gl\u00fateo de manera armoniosa.<\/p>\n<p style=\"text-align: center;\">En Evoclinic, comprendemos que cada cuerpo es \u00fanico. Nuestra colecci\u00f3n de Before and Afters en Liposucci\u00f3n de Gl\u00fateos refleja nuestra dedicaci\u00f3n a proporcionar resultados personalizados y naturales. Sum\u00e9rgete en la realidad de la liposucci\u00f3n de gl\u00fateos y descubre c\u00f3mo podemos ayudarte a alcanzar la silueta que siempre has deseado.<\/p>\n<h1 style=\"margin: 0px; text-align: center;\"><span style=\"font-size: 40px;\"><strong><br \/>\n<\/strong><span class=\"\" style=\"font-size: 35px;\">ANTES &amp; <span style=\"color: #64ccc9;\">DESPU\u00c9S <\/span><\/span><\/span><\/h1>\n[\/vc_column_text][\/vc_column_inner][\/vc_row_inner][vc_images_carousel images=&#8221;31746&#8243; img_size=&#8221;full&#8221; onclick=&#8221;link_no&#8221; el_class=&#8221;images&#8221;][vc_empty_space height=&#8221;100px&#8221;][\/vc_column][\/vc_row][vc_row full_width=&#8221;stretch_row&#8221; css=&#8221;.vc_custom_1591288149278{margin-top: 0px !important;margin-bottom: 0px !important;padding-bottom: 0px !important;background-color: #ffffff !important;}&#8221;][vc_column css=&#8221;.vc_custom_1596838178696{padding-top: 4% !important;}&#8221; offset=&#8221;vc_hidden-lg vc_hidden-md&#8221;]<div class=\"gem-button-container gem-button-position-inline thegem-button-69f554929258d5783\" ><a title=\"Schedule an Online Consultation\" class=\"gem-button gem-button-size-small gem-button-style-flat gem-button-text-weight-thin\" style=\"border-radius: 0px;background-color: #64ccc9;color: #ffffff;\" onmouseleave=\"this.style.backgroundColor='#64ccc9';this.style.color='#ffffff';\" onmouseenter=\"this.style.backgroundColor='#ffffff';this.style.color='#64ccc9';\" href=\"\/antes-y-despues\/?lang=es\" target=\"_self\">ATRAS<\/a><\/div> [vc_column_text css=&#8221;.vc_custom_1706737944051{margin-bottom: 50px !important;}&#8221;]\n<h1 style=\"margin: 0px; text-align: center;\"><span style=\"font-size: 40px;\"><strong>LIPOSUCCI\u00d3N DE GL\u00daTEOS<\/strong><\/span><\/h1>\n<h2 style=\"text-align: center;\">Transformaci\u00f3n Real: Antes y Despu\u00e9s de la Liposucci\u00f3n de Gl\u00fateos en Evoclinic<\/h2>\n<p style=\"text-align: center;\">Explora la magia de la liposucci\u00f3n de gl\u00fateos a trav\u00e9s de nuestra galer\u00eda exclusiva de fotos de antes y despu\u00e9s en Evoclinic. Las im\u00e1genes hablan por s\u00ed mismas, mostrando los resultados naturales y esculpidos que nuestros pacientes han logrado. Enfoc\u00e1ndonos en la autenticidad, estas fotograf\u00edas ofrecen una visi\u00f3n clara de c\u00f3mo esta intervenci\u00f3n puede mejorar tu contorno gl\u00fateo de manera armoniosa.<\/p>\n<p style=\"text-align: center;\">En Evoclinic, comprendemos que cada cuerpo es \u00fanico. Nuestra colecci\u00f3n de Before and Afters en Liposucci\u00f3n de Gl\u00fateos refleja nuestra dedicaci\u00f3n a proporcionar resultados personalizados y naturales. Sum\u00e9rgete en la realidad de la liposucci\u00f3n de gl\u00fateos y descubre c\u00f3mo podemos ayudarte a alcanzar la silueta que siempre has deseado.<\/p>\n<h1 style=\"margin: 0px; text-align: center;\"><span style=\"font-size: 40px;\"><strong><br \/>\n<\/strong><span class=\"\" style=\"font-size: 35px;\">ANTES &amp; <span style=\"color: #64ccc9;\">DESPU\u00c9S<\/span><\/span><\/span><\/h1>\n[\/vc_column_text]<div class=\"clearboth\"><\/div><div class=\"gem-divider \" style=\"margin-top: 32px;\"><\/div>[vc_gallery interval=&#8221;3&#8243; images=&#8221;31746&#8243; img_size=&#8221;full&#8221; onclick=&#8221;&#8221;][vc_empty_space height=&#8221;100px&#8221;][\/vc_column][\/vc_row][vc_row full_width=&#8221;stretch_row&#8221; equal_height=&#8221;yes&#8221; content_placement=&#8221;middle&#8221; css=&#8221;.vc_custom_1697746501726{margin-top: 0px !important;margin-bottom: 0px !important;padding-top: 40px !important;padding-bottom: 40px !important;background-color: #64ccc9 !important;}&#8221;][vc_column width=&#8221;1\/3&#8243; css=&#8221;.vc_custom_1697746486308{padding-top: 0px !important;}&#8221;][vc_column_text css=&#8221;.vc_custom_1596838231202{margin-bottom: 50px !important;}&#8221;]\n<div class=\"title-h2\" style=\"text-align: left;\"><span style=\"color: #007d84;\">ASESOR\u00cdA<br \/>\n<\/span><span style=\"color: #ffffff;\">EN L\u00cdNEA<\/span><\/div>\n[\/vc_column_text][\/vc_column][vc_column width=&#8221;5\/12&#8243; css=&#8221;.vc_custom_1697746490956{padding-top: 0px !important;}&#8221;][vc_column_text css=&#8221;.vc_custom_1596838259968{margin-bottom: 50px !important;}&#8221;]<span style=\"color: #ffffff;\">\u00a1No te pierdas la oportunidad de comenzar tu evoluci\u00f3n hoy! Cont\u00e1ctanos y te ayudaremos en cada paso.<\/span>[\/vc_column_text][\/vc_column][vc_column width=&#8221;1\/4&#8243; css=&#8221;.vc_custom_1697746496228{padding-top: 0px !important;}&#8221;]<div class=\"gem-button-container gem-button-position-inline thegem-button-69f55492925c47211\" ><a title=\"Schedule an Online Consultation\" class=\"gem-button gem-button-size-medium gem-button-style-flat gem-button-text-weight-thin\" style=\"border-radius: 3px;background-color: #ffffff;color: #64ccc9;\" onmouseleave=\"this.style.backgroundColor='#ffffff';this.style.color='#64ccc9';\" onmouseenter=\"this.style.backgroundColor='#007d84';this.style.color='#ffffff';\" href=\"\/es\/asesoria-virtual\/\" target=\"_self\">INICIA AHORA!<\/a><\/div> [\/vc_column][\/vc_row][vc_row full_width=&#8221;stretch_row&#8221; equal_height=&#8221;yes&#8221; css=&#8221;.vc_custom_1591719416371{margin-top: 0% !important;margin-bottom: 0% !important;padding-top: 8% !important;padding-bottom: 8% !important;}&#8221;][vc_column disable_custom_paddings_mobile=&#8221;true&#8221; css=&#8221;.vc_custom_1697746551827{padding-right: 15% !important;padding-left: 15% !important;}&#8221;]<div class=\"clearboth\"><\/div><div class=\"gem-divider \" style=\"margin-top: 60pxpx;\"><\/div>[vc_column_text el_class=&#8221;video-instalaciones&#8221;]\n<h2 style=\"color: #243842; font-size: 42px; display: inline-block; line-height: 43px; text-align: center;\">INSTALACIONES DE CLASE MUNDIAL<\/h2>\n[\/vc_column_text][vc_empty_space height=&#8221;25px&#8221;][vc_column_text el_class=&#8221;.video-instalaciones&#8221;]\n<div><iframe src=\"https:\/\/www.youtube.com\/embed\/C_y2WnCeE1A\" width=\"860\" height=\"515\" frameborder=\"0\" allowfullscreen=\"allowfullscreen\"><\/iframe><\/div>\n[\/vc_column_text][\/vc_column][\/vc_row][vc_row full_width=&#8221;stretch_row_content&#8221; equal_height=&#8221;yes&#8221; css=&#8221;.vc_custom_1591716354846{margin-top: 0px !important;margin-bottom: 0% !important;padding-bottom: 0% !important;}&#8221;][vc_column width=&#8221;1\/4&#8243; css=&#8221;.vc_custom_1591714445579{background-color: #666666 !important;}&#8221;]<div class=\"gem-icon-with-text gem-icon-with-text-icon-size-small\" ><div style=\"margin-bottom:0px;margin-top:0px; \" class=\"gem-icon-with-text-icon\"><div class=\"gem-icon gem-icon-pack-material gem-icon-size-small  gem-icon-shape-circle gem-simple-icon\"  style=\"opacity: 1;\"><div class=\"gem-icon-inner\" style=\"\"><span class=\"gem-icon-half-1\" style=\"color: #64ccc9;\"><span class=\"back-angle\">&#xf221;<\/span><\/span><span class=\"gem-icon-half-2\" style=\"color: #64ccc9;\"><span class=\"back-angle\">&#xf221;<\/span><\/span><\/div><\/div><\/div><div class=\"gem-icon-with-text-content\" ><div class=\"gem-icon-with-text-text\">[vc_icon type=&#8221;material&#8221; icon_material=&#8221;gem-print-icon gem-icon-pack-material mdi-clock&#8221; color=&#8221;custom&#8221; background_style=&#8221;rounded&#8221; size=&#8221;sm&#8221; custom_color=&#8221;#64ccc9&#8243;]<\/div><\/div><div class=\"clearboth\"><\/div><\/div>[vc_column_text]<span style=\"color: #ffffff;\">HORARIOS<\/span>[\/vc_column_text]<div class=\"clearboth\"><\/div><div class=\"gem-divider \" style=\"margin-top: 50px;\"><\/div>[vc_column_text]<span style=\"color: #ffffff;\">Lunes-Viernes: 8:00 am-16:00 pm<\/span><br \/>\n<span style=\"color: #ffffff;\">S\u00e1bado: 8:00 am-15:00 pm<\/span><br \/>\n<span style=\"color: #ffffff;\">Domingo: Cerrado<\/span>[\/vc_column_text]<div class=\"clearboth\"><\/div><div class=\"gem-divider \" style=\"margin-top: 50px;\"><\/div>[\/vc_column][vc_column width=&#8221;1\/4&#8243; css=&#8221;.vc_custom_1596838269925{background-color: #7c7c7c !important;}&#8221; el_class=&#8221;bg2-claro-grey margen-top-horarios&#8221;]<div class=\"gem-icon-with-text gem-icon-with-text-icon-size-small gem-icon-with-text-float-right\" ><div style=\"margin-bottom:0px;padding-right: 30px;margin-top:0px; \" class=\"gem-icon-with-text-icon\"><div class=\"gem-icon gem-icon-pack-material gem-icon-size-small  gem-icon-shape-circle gem-simple-icon\"  style=\"opacity: 1;\"><div class=\"gem-icon-inner\" style=\"\"><span class=\"gem-icon-half-1\" style=\"color: #64ccc9;\"><span class=\"back-angle\">&#xf3e4;<\/span><\/span><span class=\"gem-icon-half-2\" style=\"color: #64ccc9;\"><span class=\"back-angle\">&#xf3e4;<\/span><\/span><\/div><\/div><\/div><div class=\"gem-icon-with-text-content\" ><div class=\"gem-icon-with-text-text\">[vc_icon type=&#8221;material&#8221; icon_material=&#8221;gem-print-icon gem-icon-pack-material mdi-map-marker-circle&#8221; color=&#8221;custom&#8221; background_style=&#8221;rounded&#8221; size=&#8221;sm&#8221; custom_color=&#8221;#64ccc9&#8243;]<\/div><\/div><div class=\"clearboth\"><\/div><\/div>[vc_column_text]<span style=\"color: #ffffff;\">DIRECCI\u00d3N<\/span>[\/vc_column_text]<div class=\"clearboth\"><\/div><div class=\"gem-divider \" style=\"margin-top: 50px;\"><\/div>[vc_column_text]<span style=\"color: #ffffff;\">Blvd. Aguacaliente #4558 Floor 17<\/span><br \/>\n<span style=\"color: #ffffff;\">Suite No. 1707 Tijuana B.C.<\/span><br \/>\n<span style=\"color: #ffffff;\">M\u00e9xico C.P. 22014<\/span>[\/vc_column_text]<div class=\"clearboth\"><\/div><div class=\"gem-divider \" style=\"margin-top: 50px;\"><\/div>[\/vc_column][vc_column width=&#8221;1\/4&#8243; css=&#8221;.vc_custom_1596838284381{background-color: #a0a0a0 !important;}&#8221; el_class=&#8221;bg3-ligth-grey margen-top-horarios&#8221;]<div class=\"gem-icon-with-text gem-icon-with-text-icon-size-small gem-icon-with-text-float-right\" ><div style=\"margin-bottom:0px;padding-right: 30px;margin-top:0px; \" class=\"gem-icon-with-text-icon\"><div class=\"gem-icon gem-icon-pack-material gem-icon-size-small  gem-icon-shape-circle gem-simple-icon\"  style=\"opacity: 1;\"><div class=\"gem-icon-inner\" style=\"\"><span class=\"gem-icon-half-1\" style=\"color: #64ccc9;\"><span class=\"back-angle\">&#xf477;<\/span><\/span><span class=\"gem-icon-half-2\" style=\"color: #64ccc9;\"><span class=\"back-angle\">&#xf477;<\/span><\/span><\/div><\/div><\/div><div class=\"gem-icon-with-text-content\" ><div class=\"gem-icon-with-text-text\">[vc_icon type=&#8221;material&#8221; icon_material=&#8221;gem-print-icon gem-icon-pack-material mdi-clock&#8221; color=&#8221;custom&#8221; background_style=&#8221;rounded&#8221; size=&#8221;sm&#8221; custom_color=&#8221;#64ccc9&#8243;]<\/div><\/div><div class=\"clearboth\"><\/div><\/div>[vc_column_text]<span style=\"color: #ffffff;\">TEL\u00c9FONOS<\/span>[\/vc_column_text]<div class=\"clearboth\"><\/div><div class=\"gem-divider \" style=\"margin-top: 50px;\"><\/div>[vc_column_text]<span style=\"color: #ffffff;\">(664) 681 7054<\/span><br \/>\n<span style=\"color: #ffffff;\">(664) 686 5120<\/span><br \/>\n<span style=\"color: #ffffff;\">(619) 308 7829<\/span>[\/vc_column_text]<div class=\"clearboth\"><\/div><div class=\"gem-divider \" style=\"margin-top: 50px;\"><\/div>[\/vc_column][vc_column width=&#8221;1\/4&#8243; css=&#8221;.vc_custom_1596838298035{background-color: #64ccc9 !important;}&#8221; el_class=&#8221;bg-color-green margen-top-horarios&#8221;]<div class=\"clearboth\"><\/div><div class=\"gem-divider \" style=\"margin-top: 50px;\"><\/div><div class=\"gem-image gem-wrapbox gem-wrapbox-style-default gem-wrapbox-position-below\"  style=\"width: 0px;height: 0px;\"><div class=\"gem-wrapbox-inner \" ><img class=\"gem-wrapbox-element img-responsive\" src=\"https:\/\/www.evoclinic.mx\/wp-content\/uploads\/2016\/10\/evoclinic-logo-final-white.png\" alt=\"\"\/><\/div><\/div><div class=\"clearboth\"><\/div><div class=\"gem-divider \" style=\"margin-top: 50px;\"><\/div>[\/vc_column][\/vc_row][vc_row full_width=&#8221;stretch_row_content_no_spaces&#8221; css=&#8221;.vc_custom_1591658157242{margin-top: 0px !important;margin-bottom: 0% !important;}&#8221;][vc_column][vc_gmaps link=&#8221;#E-8_JTNDaWZyYW1lJTIwc3JjJTNEJTIyaHR0cHMlM0ElMkYlMkZ3d3cuZ29vZ2xlLmNvbSUyRm1hcHMlMkZlbWJlZCUzRnBiJTNEJTIxMW0xOCUyMTFtMTIlMjExbTMlMjExZDEwNzA1Ljc2NTU3NDg1ODc0MiUyMTJkLTExNy4wMTE2MjU3NzMxNTE0NCUyMTNkMzIuNTE3NTUwNjQzNzA3OTMlMjEybTMlMjExZjAlMjEyZjAlMjEzZjAlMjEzbTIlMjExaTEwMjQlMjEyaTc2OCUyMTRmMTMuMSUyMTNtMyUyMTFtMiUyMTFzMHg4MGQ5NDgxNjRmNjljYzFkJTI1M0EweGVhNTE2MDRjZjc5ZWJmNWElMjEyc0JsdmQuJTJCQWd1YSUyQkNhbGllbnRlJTJCNDU1OCUyNTJDJTJCQXZpYWNpb24lMjUyQyUyQjIyMDE0JTJCVGlqdWFuYSUyNTJDJTJCQi5DLiUyMTVlMCUyMTNtMiUyMTFzZW4lMjEyc214JTIxNHYxNDk5Mjc5NTA1MTQ1JTIyJTIwd2lkdGglM0QlMjI4MDAlMjIlMjBoZWlnaHQlM0QlMjI2MDAlMjIlMjBmcmFtZWJvcmRlciUzRCUyMjAlMjIlMjBzdHlsZSUzRCUyMmJvcmRlciUzQTAlMjIlMjBhbGxvd2Z1bGxzY3JlZW4lM0UlM0MlMkZpZnJhbWUlM0U=&#8221;][\/vc_column][\/vc_row]\n","protected":false},"excerpt":{"rendered":"<p>[vc_row full_width=&#8221;stretch_row&#8221; css=&#8221;.vc_custom_1591288149278{margin-top: 0px !important;margin-bottom: 0px !important;padding-bottom: 0px !important;background-color: #ffffff !important;}&#8221;][vc_column css=&#8221;.vc_custom_1596838171815{padding-top: 4% !important;}&#8221; offset=&#8221;vc_hidden-sm&#8230;<\/p>\n","protected":false},"author":6,"featured_media":0,"parent":36151,"menu_order":178,"comment_status":"closed","ping_status":"closed","template":"","meta":{"content-type":"","inline_featured_image":false,"_joinchat":[]},"categories":[470],"tags":[],"acf":[],"aioseo_notices":[],"_links":{"self":[{"href":"https:\/\/www.evoclinic.mx\/es\/wp-json\/wp\/v2\/pages\/36098"}],"collection":[{"href":"https:\/\/www.evoclinic.mx\/es\/wp-json\/wp\/v2\/pages"}],"about":[{"href":"https:\/\/www.evoclinic.mx\/es\/wp-json\/wp\/v2\/types\/page"}],"author":[{"embeddable":true,"href":"https:\/\/www.evoclinic.mx\/es\/wp-json\/wp\/v2\/users\/6"}],"replies":[{"embeddable":true,"href":"https:\/\/www.evoclinic.mx\/es\/wp-json\/wp\/v2\/comments?post=36098"}],"version-history":[{"count":0,"href":"https:\/\/www.evoclinic.mx\/es\/wp-json\/wp\/v2\/pages\/36098\/revisions"}],"up":[{"embeddable":true,"href":"https:\/\/www.evoclinic.mx\/es\/wp-json\/wp\/v2\/pages\/36151"}],"wp:attachment":[{"href":"https:\/\/www.evoclinic.mx\/es\/wp-json\/wp\/v2\/media?parent=36098"}],"wp:term":[{"taxonomy":"category","embeddable":true,"href":"https:\/\/www.evoclinic.mx\/es\/wp-json\/wp\/v2\/categories?post=36098"},{"taxonomy":"post_tag","embeddable":true,"href":"https:\/\/www.evoclinic.mx\/es\/wp-json\/wp\/v2\/tags?post=36098"}],"curies":[{"name":"wp","href":"https:\/\/api.w.org\/{rel}","templated":true}]}}