{"id":35915,"date":"2020-06-24T23:12:27","date_gmt":"2020-06-24T23:12:27","guid":{"rendered":"http:\/\/evoclinicmx.wpengine.com\/?page_id=35915"},"modified":"2024-01-29T14:16:12","modified_gmt":"2024-01-29T22:16:12","slug":"rejuvenecimiento-facial","status":"publish","type":"page","link":"https:\/\/www.evoclinic.mx\/es\/antes-y-despues\/rejuvenecimiento-facial\/","title":{"rendered":"Rejuvenecimiento Facial | Antes y Despu\u00e9s"},"content":{"rendered":"[vc_row full_width=&#8221;stretch_row&#8221; css=&#8221;.vc_custom_1591288149278{margin-top: 0px !important;margin-bottom: 0px !important;padding-bottom: 0px !important;background-color: #ffffff !important;}&#8221;][vc_column css=&#8221;.vc_custom_1596816846549{padding-top: 4% !important;}&#8221; offset=&#8221;vc_hidden-sm vc_hidden-xs&#8221;][vc_row_inner][vc_column_inner width=&#8221;1\/12&#8243;]<div class=\"gem-button-container gem-button-position-inline thegem-button-69e22ae8dd0527158\" ><a class=\"gem-button gem-button-size-small gem-button-style-flat gem-button-text-weight-thin\" style=\"border-radius: 0px;background-color: #64ccc9;color: #ffffff;\" onmouseleave=\"this.style.backgroundColor='#64ccc9';this.style.color='#ffffff';\" onmouseenter=\"this.style.backgroundColor='#ffffff';this.style.color='#64ccc9';\" href=\"\/es\/antes-y-despues\/\" target=\"_self\">ATRAS<\/a><\/div> [\/vc_column_inner][vc_column_inner width=&#8221;5\/6&#8243;][vc_column_text css=&#8221;.vc_custom_1706566555125{margin-bottom: 50px !important;}&#8221;]\n<h1 style=\"margin: 0px; text-align: center;\"><strong><span style=\"font-size: 40px;\">REJUVENECIMIENTO FACIAL<\/span><\/strong><\/h1>\n<h2 style=\"text-align: center;\">Revive Tu Belleza: Descubre los Before and Afters del Rejuvenecimiento Facial para Decisiones Informadas<\/h2>\n<p style=\"text-align: center;\">Sum\u00e9rgete en una exploraci\u00f3n visual de la belleza atemporal con la colecci\u00f3n curada de &#8220;Before and Afters&#8221; de Rejuvenecimiento Facial de Evoclinic. Estos testimonios visuales son esenciales para quienes consideran un rejuvenecimiento facial, ofreciendo una vista aut\u00e9ntica de los posibles resultados. Examinar las mejoras detalladas presentadas en nuestra galer\u00eda te capacita para tomar decisiones bien fundamentadas sobre c\u00f3mo lograr una apariencia facial fresca y rejuvenecida.<\/p>\n<p style=\"text-align: center;\">La colecci\u00f3n &#8220;Before and Afters&#8221; de Rejuvenecimiento Facial en Evoclinic personifica nuestro compromiso con la transparencia. M\u00e1s all\u00e1 de mostrar cambios f\u00edsicos, estas im\u00e1genes reflejan la precisi\u00f3n de nuestros cirujanos al lograr resultados naturales y proporcionados. Sum\u00e9rgete en estas historias visuales para comprender el impacto transformador del rejuvenecimiento facial, gui\u00e1ndote hacia decisiones confiadas y bien informadas para realzar tu belleza natural y lograr la apariencia rejuvenecida que deseas.<\/p>\n<h1 style=\"margin: 0px; text-align: center;\"><span style=\"color: #64ccc9; font-size: 35px;\"><br \/>\n<span class=\"\" style=\"color: #3c3950;\">ANTES &amp; <span style=\"color: #64ccc9;\">DESPU\u00c9S <\/span><\/span><\/span><\/h1>\n[\/vc_column_text][\/vc_column_inner][\/vc_row_inner][vc_images_carousel images=&#8221;36814,36816,36820,36824,36812,36811,36830,36831,36818,36825,36843,36844&#8243; img_size=&#8221;full&#8221; onclick=&#8221;link_no&#8221; el_class=&#8221;images&#8221;][vc_empty_space height=&#8221;100px&#8221;][\/vc_column][\/vc_row][vc_row full_width=&#8221;stretch_row&#8221; css=&#8221;.vc_custom_1591288149278{margin-top: 0px !important;margin-bottom: 0px !important;padding-bottom: 0px !important;background-color: #ffffff !important;}&#8221;][vc_column css=&#8221;.vc_custom_1596816853271{padding-top: 4% !important;}&#8221; offset=&#8221;vc_hidden-lg vc_hidden-md&#8221;]<div class=\"gem-button-container gem-button-position-inline thegem-button-69e22ae8dd0a69880\" ><a title=\"Schedule an Online Consultation\" class=\"gem-button gem-button-size-small gem-button-style-flat gem-button-text-weight-thin\" style=\"border-radius: 0px;background-color: #64ccc9;color: #ffffff;\" onmouseleave=\"this.style.backgroundColor='#64ccc9';this.style.color='#ffffff';\" onmouseenter=\"this.style.backgroundColor='#ffffff';this.style.color='#64ccc9';\" href=\"\/antes-y-despues\/?lang=es\" target=\"_self\">ATRAS<\/a><\/div> [vc_column_text css=&#8221;.vc_custom_1706566565619{margin-bottom: 50px !important;}&#8221;]\n<h1 style=\"margin: 0px; text-align: center;\"><strong><span style=\"font-size: 40px;\">REJUVENECIMIENTO FACIAL<\/span><\/strong><\/h1>\n<h2 style=\"text-align: center;\">Revive Tu Belleza: Descubre los Before and Afters del Rejuvenecimiento Facial para Decisiones Informadas<\/h2>\n<p style=\"text-align: center;\">Sum\u00e9rgete en una exploraci\u00f3n visual de la belleza atemporal con la colecci\u00f3n curada de &#8220;Before and Afters&#8221; de Rejuvenecimiento Facial de Evoclinic. Estos testimonios visuales son esenciales para quienes consideran un rejuvenecimiento facial, ofreciendo una vista aut\u00e9ntica de los posibles resultados. Examinar las mejoras detalladas presentadas en nuestra galer\u00eda te capacita para tomar decisiones bien fundamentadas sobre c\u00f3mo lograr una apariencia facial fresca y rejuvenecida.<\/p>\n<p style=\"text-align: center;\">La colecci\u00f3n &#8220;Before and Afters&#8221; de Rejuvenecimiento Facial en Evoclinic personifica nuestro compromiso con la transparencia. M\u00e1s all\u00e1 de mostrar cambios f\u00edsicos, estas im\u00e1genes reflejan la precisi\u00f3n de nuestros cirujanos al lograr resultados naturales y proporcionados. Sum\u00e9rgete en estas historias visuales para comprender el impacto transformador del rejuvenecimiento facial, gui\u00e1ndote hacia decisiones confiadas y bien informadas para realzar tu belleza natural y lograr la apariencia rejuvenecida que deseas.<\/p>\n<h1 style=\"margin: 0px; text-align: center;\"><span style=\"color: #64ccc9; font-size: 35px;\"><br \/>\n<span class=\"\" style=\"color: #3c3950;\">ANTES &amp; <span style=\"color: #64ccc9;\">DESPU\u00c9S<\/span><\/span><\/span><\/h1>\n[\/vc_column_text]<div class=\"clearboth\"><\/div><div class=\"gem-divider \" style=\"margin-top: 32px;\"><\/div>[vc_gallery interval=&#8221;3&#8243; images=&#8221;35874,35875,35876,35877,35878,35879&#8243; img_size=&#8221;full&#8221; onclick=&#8221;&#8221;][vc_empty_space height=&#8221;100px&#8221;][\/vc_column][\/vc_row][vc_row full_width=&#8221;stretch_row&#8221; equal_height=&#8221;yes&#8221; content_placement=&#8221;middle&#8221; css=&#8221;.vc_custom_1697560322808{margin-bottom: 0px !important;padding-top: 40px !important;padding-bottom: 40px !important;background-color: #64ccc9 !important;}&#8221;][vc_column width=&#8221;1\/3&#8243; css=&#8221;.vc_custom_1697560330487{padding-top: 0px !important;}&#8221;][vc_column_text css=&#8221;.vc_custom_1697560452456{margin-bottom: 50px !important;}&#8221;]\n<h4 class=\"\" style=\"text-align: left; font-size: 35px;\"><strong><span style=\"color: #007d84;\">ASESOR\u00cdA<br \/>\n<\/span><span style=\"color: #ffffff;\">EN L\u00cdNEA<\/span><\/strong><\/h4>\n[\/vc_column_text][\/vc_column][vc_column width=&#8221;5\/12&#8243; css=&#8221;.vc_custom_1697560334967{padding-top: 0px !important;}&#8221;][vc_column_text css=&#8221;.vc_custom_1596816798984{margin-bottom: 50px !important;}&#8221;]<span style=\"color: #ffffff;\">\u00a1No te pierdas la oportunidad de comenzar tu evoluci\u00f3n hoy! Cont\u00e1ctanos y te ayudaremos en cada paso.<\/span>[\/vc_column_text][\/vc_column][vc_column width=&#8221;1\/4&#8243; css=&#8221;.vc_custom_1697560340712{padding-top: 0px !important;}&#8221;]<div class=\"gem-button-container gem-button-position-inline thegem-button-69e22ae8dd0ee7507\" ><a title=\"Schedule an Online Consultation\" class=\"gem-button gem-button-size-medium gem-button-style-flat gem-button-text-weight-thin\" style=\"border-radius: 3px;background-color: #ffffff;color: #64ccc9;\" onmouseleave=\"this.style.backgroundColor='#ffffff';this.style.color='#64ccc9';\" onmouseenter=\"this.style.backgroundColor='#007d84';this.style.color='#ffffff';\" href=\"\/es\/asesoria-virtual\/\" target=\"_self\">INICIA AHORA!<\/a><\/div> [\/vc_column][\/vc_row][vc_row full_width=&#8221;stretch_row&#8221; equal_height=&#8221;yes&#8221; css=&#8221;.vc_custom_1591719416371{margin-top: 0% !important;margin-bottom: 0% !important;padding-top: 8% !important;padding-bottom: 8% !important;}&#8221;][vc_column disable_custom_paddings_mobile=&#8221;true&#8221; css=&#8221;.vc_custom_1697560586243{padding-right: 15% !important;padding-left: 15% !important;}&#8221;]<div class=\"clearboth\"><\/div><div class=\"gem-divider \" style=\"margin-top: 60pxpx;\"><\/div>[vc_column_text el_class=&#8221;video-instalaciones&#8221;]\n<h2 style=\"color: #243842; font-size: 42px; display: inline-block; line-height: 43px; text-align: center;\">INSTALACIONES DE CLASE MUNDIAL<\/h2>\n[\/vc_column_text][vc_empty_space height=&#8221;25px&#8221;][vc_column_text el_class=&#8221;video-responsive&#8221;]\n<div><iframe src=\"https:\/\/www.youtube.com\/embed\/C_y2WnCeE1A\" frameborder=\"0\" allowfullscreen=\"allowfullscreen\"><span data-mce-type=\"bookmark\" style=\"display: inline-block; width: 0px; overflow: hidden; line-height: 0;\" class=\"mce_SELRES_start\">\ufeff<\/span><\/iframe><\/div>\n[\/vc_column_text][\/vc_column][\/vc_row][vc_row full_width=&#8221;stretch_row_content&#8221; equal_height=&#8221;yes&#8221; css=&#8221;.vc_custom_1591716354846{margin-top: 0px !important;margin-bottom: 0% !important;padding-bottom: 0% !important;}&#8221;][vc_column width=&#8221;1\/4&#8243; css=&#8221;.vc_custom_1591714445579{background-color: #666666 !important;}&#8221;]<div class=\"gem-icon-with-text gem-icon-with-text-icon-size-small\" ><div style=\"margin-bottom:0px;margin-top:0px; \" class=\"gem-icon-with-text-icon\"><div class=\"gem-icon gem-icon-pack-material gem-icon-size-small  gem-icon-shape-circle gem-simple-icon\"  style=\"opacity: 1;\"><div class=\"gem-icon-inner\" style=\"\"><span class=\"gem-icon-half-1\" style=\"color: #64ccc9;\"><span class=\"back-angle\">&#xf221;<\/span><\/span><span class=\"gem-icon-half-2\" style=\"color: #64ccc9;\"><span class=\"back-angle\">&#xf221;<\/span><\/span><\/div><\/div><\/div><div class=\"gem-icon-with-text-content\" ><div class=\"gem-icon-with-text-text\">[vc_icon type=&#8221;material&#8221; icon_material=&#8221;gem-print-icon gem-icon-pack-material mdi-clock&#8221; color=&#8221;custom&#8221; background_style=&#8221;rounded&#8221; size=&#8221;sm&#8221; custom_color=&#8221;#64ccc9&#8243;]<\/div><\/div><div class=\"clearboth\"><\/div><\/div>[vc_column_text]<span style=\"color: #ffffff;\">HORARIOS<\/span>[\/vc_column_text]<div class=\"clearboth\"><\/div><div class=\"gem-divider \" style=\"margin-top: 50px;\"><\/div>[vc_column_text]<span style=\"color: #ffffff;\">Lunes-Viernes: 8:00 am-16:00 pm<\/span><br \/>\n<span style=\"color: #ffffff;\">S\u00e1bado: 8:00 am-15:00 pm<\/span><br \/>\n<span style=\"color: #ffffff;\">Domingo: Cerrado<\/span>[\/vc_column_text]<div class=\"clearboth\"><\/div><div class=\"gem-divider \" style=\"margin-top: 50px;\"><\/div>[\/vc_column][vc_column width=&#8221;1\/4&#8243; css=&#8221;.vc_custom_1596816889607{background-color: #7c7c7c !important;}&#8221; el_class=&#8221;margen-top-horarios bg2-claro-grey&#8221;]<div class=\"gem-icon-with-text gem-icon-with-text-icon-size-small gem-icon-with-text-float-right\" ><div style=\"margin-bottom:0px;padding-right: 30px;margin-top:0px; \" class=\"gem-icon-with-text-icon\"><div class=\"gem-icon gem-icon-pack-material gem-icon-size-small  gem-icon-shape-circle gem-simple-icon\"  style=\"opacity: 1;\"><div class=\"gem-icon-inner\" style=\"\"><span class=\"gem-icon-half-1\" style=\"color: #64ccc9;\"><span class=\"back-angle\">&#xf3e4;<\/span><\/span><span class=\"gem-icon-half-2\" style=\"color: #64ccc9;\"><span class=\"back-angle\">&#xf3e4;<\/span><\/span><\/div><\/div><\/div><div class=\"gem-icon-with-text-content\" ><div class=\"gem-icon-with-text-text\">[vc_icon type=&#8221;material&#8221; icon_material=&#8221;gem-print-icon gem-icon-pack-material mdi-map-marker-circle&#8221; color=&#8221;custom&#8221; background_style=&#8221;rounded&#8221; size=&#8221;sm&#8221; custom_color=&#8221;#64ccc9&#8243;]<\/div><\/div><div class=\"clearboth\"><\/div><\/div>[vc_column_text]<span style=\"color: #ffffff;\">DIRECCI\u00d3N<\/span>[\/vc_column_text]<div class=\"clearboth\"><\/div><div class=\"gem-divider \" style=\"margin-top: 50px;\"><\/div>[vc_column_text]<span style=\"color: #ffffff;\">Blvd. Aguacaliente #4558 Floor 17<\/span><br \/>\n<span style=\"color: #ffffff;\">Suite No. 1707 Tijuana B.C.<\/span><br \/>\n<span style=\"color: #ffffff;\">M\u00e9xico C.P. 22014<\/span>[\/vc_column_text]<div class=\"clearboth\"><\/div><div class=\"gem-divider \" style=\"margin-top: 50px;\"><\/div>[\/vc_column][vc_column width=&#8221;1\/4&#8243; css=&#8221;.vc_custom_1596816907362{background-color: #a0a0a0 !important;}&#8221; el_class=&#8221;bg3-ligth-grey margen-top-horarios&#8221;]<div class=\"gem-icon-with-text gem-icon-with-text-icon-size-small gem-icon-with-text-float-right\" ><div style=\"margin-bottom:0px;padding-right: 30px;margin-top:0px; \" class=\"gem-icon-with-text-icon\"><div class=\"gem-icon gem-icon-pack-material gem-icon-size-small  gem-icon-shape-circle gem-simple-icon\"  style=\"opacity: 1;\"><div class=\"gem-icon-inner\" style=\"\"><span class=\"gem-icon-half-1\" style=\"color: #64ccc9;\"><span class=\"back-angle\">&#xf477;<\/span><\/span><span class=\"gem-icon-half-2\" style=\"color: #64ccc9;\"><span class=\"back-angle\">&#xf477;<\/span><\/span><\/div><\/div><\/div><div class=\"gem-icon-with-text-content\" ><div class=\"gem-icon-with-text-text\">[vc_icon type=&#8221;material&#8221; icon_material=&#8221;gem-print-icon gem-icon-pack-material mdi-clock&#8221; color=&#8221;custom&#8221; background_style=&#8221;rounded&#8221; size=&#8221;sm&#8221; custom_color=&#8221;#64ccc9&#8243;]<\/div><\/div><div class=\"clearboth\"><\/div><\/div>[vc_column_text]<span style=\"color: #ffffff;\">TEL\u00c9FONOS<\/span>[\/vc_column_text]<div class=\"clearboth\"><\/div><div class=\"gem-divider \" style=\"margin-top: 50px;\"><\/div>[vc_column_text]<span style=\"color: #ffffff;\">(664) 681 7054<\/span><br \/>\n<span style=\"color: #ffffff;\">(664) 686 5120<\/span><br \/>\n<span style=\"color: #ffffff;\">(619) 308 7829<\/span>[\/vc_column_text]<div class=\"clearboth\"><\/div><div class=\"gem-divider \" style=\"margin-top: 50px;\"><\/div>[\/vc_column][vc_column width=&#8221;1\/4&#8243; css=&#8221;.vc_custom_1596816922090{background-color: #64ccc9 !important;}&#8221; el_class=&#8221;bg-color-green margen-top-horarios&#8221;]<div class=\"clearboth\"><\/div><div class=\"gem-divider \" style=\"margin-top: 50px;\"><\/div><div class=\"gem-image gem-wrapbox gem-wrapbox-style-default gem-wrapbox-position-below\"  style=\"width: 0px;height: 0px;\"><div class=\"gem-wrapbox-inner \" ><img class=\"gem-wrapbox-element img-responsive\" src=\"https:\/\/www.evoclinic.mx\/wp-content\/uploads\/2016\/10\/evoclinic-logo-final-white.png\" alt=\"\"\/><\/div><\/div><div class=\"clearboth\"><\/div><div class=\"gem-divider \" style=\"margin-top: 50px;\"><\/div>[\/vc_column][\/vc_row][vc_row full_width=&#8221;stretch_row_content_no_spaces&#8221; css=&#8221;.vc_custom_1591658157242{margin-top: 0px !important;margin-bottom: 0% !important;}&#8221;][vc_column][vc_gmaps link=&#8221;#E-8_JTNDaWZyYW1lJTIwc3JjJTNEJTIyaHR0cHMlM0ElMkYlMkZ3d3cuZ29vZ2xlLmNvbSUyRm1hcHMlMkZlbWJlZCUzRnBiJTNEJTIxMW0xOCUyMTFtMTIlMjExbTMlMjExZDEwNzA1Ljc2NTU3NDg1ODc0MiUyMTJkLTExNy4wMTE2MjU3NzMxNTE0NCUyMTNkMzIuNTE3NTUwNjQzNzA3OTMlMjEybTMlMjExZjAlMjEyZjAlMjEzZjAlMjEzbTIlMjExaTEwMjQlMjEyaTc2OCUyMTRmMTMuMSUyMTNtMyUyMTFtMiUyMTFzMHg4MGQ5NDgxNjRmNjljYzFkJTI1M0EweGVhNTE2MDRjZjc5ZWJmNWElMjEyc0JsdmQuJTJCQWd1YSUyQkNhbGllbnRlJTJCNDU1OCUyNTJDJTJCQXZpYWNpb24lMjUyQyUyQjIyMDE0JTJCVGlqdWFuYSUyNTJDJTJCQi5DLiUyMTVlMCUyMTNtMiUyMTFzZW4lMjEyc214JTIxNHYxNDk5Mjc5NTA1MTQ1JTIyJTIwd2lkdGglM0QlMjI4MDAlMjIlMjBoZWlnaHQlM0QlMjI2MDAlMjIlMjBmcmFtZWJvcmRlciUzRCUyMjAlMjIlMjBzdHlsZSUzRCUyMmJvcmRlciUzQTAlMjIlMjBhbGxvd2Z1bGxzY3JlZW4lM0UlM0MlMkZpZnJhbWUlM0U=&#8221;][\/vc_column][\/vc_row]\n","protected":false},"excerpt":{"rendered":"<p>[vc_row full_width=&#8221;stretch_row&#8221; css=&#8221;.vc_custom_1591288149278{margin-top: 0px !important;margin-bottom: 0px !important;padding-bottom: 0px !important;background-color: #ffffff !important;}&#8221;][vc_column css=&#8221;.vc_custom_1596816846549{padding-top: 4% !important;}&#8221; offset=&#8221;vc_hidden-sm&#8230;<\/p>\n","protected":false},"author":6,"featured_media":0,"parent":36151,"menu_order":225,"comment_status":"closed","ping_status":"closed","template":"","meta":{"content-type":"","inline_featured_image":false,"_joinchat":[]},"categories":[470],"tags":[],"acf":[],"aioseo_notices":[],"_links":{"self":[{"href":"https:\/\/www.evoclinic.mx\/es\/wp-json\/wp\/v2\/pages\/35915"}],"collection":[{"href":"https:\/\/www.evoclinic.mx\/es\/wp-json\/wp\/v2\/pages"}],"about":[{"href":"https:\/\/www.evoclinic.mx\/es\/wp-json\/wp\/v2\/types\/page"}],"author":[{"embeddable":true,"href":"https:\/\/www.evoclinic.mx\/es\/wp-json\/wp\/v2\/users\/6"}],"replies":[{"embeddable":true,"href":"https:\/\/www.evoclinic.mx\/es\/wp-json\/wp\/v2\/comments?post=35915"}],"version-history":[{"count":0,"href":"https:\/\/www.evoclinic.mx\/es\/wp-json\/wp\/v2\/pages\/35915\/revisions"}],"up":[{"embeddable":true,"href":"https:\/\/www.evoclinic.mx\/es\/wp-json\/wp\/v2\/pages\/36151"}],"wp:attachment":[{"href":"https:\/\/www.evoclinic.mx\/es\/wp-json\/wp\/v2\/media?parent=35915"}],"wp:term":[{"taxonomy":"category","embeddable":true,"href":"https:\/\/www.evoclinic.mx\/es\/wp-json\/wp\/v2\/categories?post=35915"},{"taxonomy":"post_tag","embeddable":true,"href":"https:\/\/www.evoclinic.mx\/es\/wp-json\/wp\/v2\/tags?post=35915"}],"curies":[{"name":"wp","href":"https:\/\/api.w.org\/{rel}","templated":true}]}}